{"id":43,"date":"2022-02-02T19:57:39","date_gmt":"2022-02-02T18:57:39","guid":{"rendered":"https:\/\/shs-klatte.de\/?page_id=43"},"modified":"2022-10-18T11:37:08","modified_gmt":"2022-10-18T09:37:08","slug":"informationen","status":"publish","type":"page","link":"https:\/\/shs-klatte.de\/?page_id=43","title":{"rendered":"Informationen"},"content":{"rendered":"\n<p>In diesem Bereich finden sie \u00fcber die Unterpunkte im Men\u00fc weitere n\u00fctzliche Informationen<\/p>\n","protected":false},"excerpt":{"rendered":"<p>In diesem Bereich finden sie \u00fcber die Unterpunkte im Men\u00fc weitere n\u00fctzliche Informationen<\/p>\n","protected":false},"author":1,"featured_media":0,"parent":0,"menu_order":0,"comment_status":"closed","ping_status":"closed","template":"","meta":{"footnotes":""},"class_list":["post-43","page","type-page","status-publish","hentry","entry"],"yoast_head":"<!-- This site is optimized with the Yoast SEO plugin v27.3 - https:\/\/yoast.com\/product\/yoast-seo-wordpress\/ -->\n<title>Michael Klatte | Software, Hardware &amp; Service - Informationen<\/title>\n<meta name=\"description\" content=\"Informationen - IT-Service, Unterst\u00fctzung bei Kauf, Einrichtung PC&#039;s, Installation von Soft- und Hardware. Konzepte f\u00fcr Unternehmen und Privat\" \/>\n<meta name=\"robots\" content=\"index, follow, max-snippet:-1, max-image-preview:large, max-video-preview:-1\" \/>\n<link rel=\"canonical\" href=\"https:\/\/shs-klatte.de\/?page_id=43\" \/>\n<meta property=\"og:locale\" content=\"de_DE\" \/>\n<meta property=\"og:type\" content=\"article\" \/>\n<meta property=\"og:title\" content=\"Michael Klatte | Software, Hardware &amp; Service - Informationen\" \/>\n<meta property=\"og:description\" content=\"Informationen - IT-Service, Unterst\u00fctzung bei Kauf, Einrichtung PC&#039;s, Installation von Soft- und Hardware. Konzepte f\u00fcr Unternehmen und Privat\" \/>\n<meta property=\"og:url\" content=\"https:\/\/shs-klatte.de\/?page_id=43\" \/>\n<meta property=\"og:site_name\" content=\"Michael Klatte | Software, Hardware &amp; Service\" \/>\n<meta property=\"article:modified_time\" content=\"2022-10-18T09:37:08+00:00\" \/>\n<meta name=\"twitter:card\" content=\"summary_large_image\" \/>\n<meta name=\"twitter:label1\" content=\"Gesch\u00e4tzte Lesezeit\" \/>\n\t<meta name=\"twitter:data1\" content=\"1\u00a0Minute\" \/>\n<script type=\"application\/ld+json\" class=\"yoast-schema-graph\">{\"@context\":\"https:\\\/\\\/schema.org\",\"@graph\":[{\"@type\":\"WebPage\",\"@id\":\"https:\\\/\\\/shs-klatte.de\\\/?page_id=43\",\"url\":\"https:\\\/\\\/shs-klatte.de\\\/?page_id=43\",\"name\":\"Michael Klatte | Software, Hardware &amp; Service - Informationen\",\"isPartOf\":{\"@id\":\"https:\\\/\\\/shs-klatte.de\\\/#website\"},\"datePublished\":\"2022-02-02T18:57:39+00:00\",\"dateModified\":\"2022-10-18T09:37:08+00:00\",\"description\":\"Informationen - IT-Service, Unterst\u00fctzung bei Kauf, Einrichtung PC's, Installation von Soft- und Hardware. Konzepte f\u00fcr Unternehmen und Privat\",\"breadcrumb\":{\"@id\":\"https:\\\/\\\/shs-klatte.de\\\/?page_id=43#breadcrumb\"},\"inLanguage\":\"de\",\"potentialAction\":[{\"@type\":\"ReadAction\",\"target\":[\"https:\\\/\\\/shs-klatte.de\\\/?page_id=43\"]}]},{\"@type\":\"BreadcrumbList\",\"@id\":\"https:\\\/\\\/shs-klatte.de\\\/?page_id=43#breadcrumb\",\"itemListElement\":[{\"@type\":\"ListItem\",\"position\":1,\"name\":\"Startseite\",\"item\":\"https:\\\/\\\/shs-klatte.de\\\/\"},{\"@type\":\"ListItem\",\"position\":2,\"name\":\"Informationen\"}]},{\"@type\":\"WebSite\",\"@id\":\"https:\\\/\\\/shs-klatte.de\\\/#website\",\"url\":\"https:\\\/\\\/shs-klatte.de\\\/\",\"name\":\"Michael Klatte | Software, Hardware &amp; Service\",\"description\":\"Computer, Software, Hardware, Installation, updates, Virenscanner, Mail, integartion von Software, Beartung in EDV und IT, Beschaffung von Software und Hardware, Neuinstallation und Reparatur von IT-Systemen,open source, IT-L\u00f6sungen f\u00fcr Firmen und Privatleute\",\"publisher\":{\"@id\":\"https:\\\/\\\/shs-klatte.de\\\/#organization\"},\"inLanguage\":\"de\"},{\"@type\":\"Organization\",\"@id\":\"https:\\\/\\\/shs-klatte.de\\\/#organization\",\"name\":\"Michael Klatte | Software, Hardware &amp; Service\",\"url\":\"https:\\\/\\\/shs-klatte.de\\\/\",\"logo\":{\"@type\":\"ImageObject\",\"inLanguage\":\"de\",\"@id\":\"https:\\\/\\\/shs-klatte.de\\\/#\\\/schema\\\/logo\\\/image\\\/\",\"url\":\"https:\\\/\\\/shs-klatte.de\\\/wp-content\\\/uploads\\\/2022\\\/02\\\/cropped-EYE-T-V01_06-Signatur-mk_me-e1643829473242.png\",\"contentUrl\":\"https:\\\/\\\/shs-klatte.de\\\/wp-content\\\/uploads\\\/2022\\\/02\\\/cropped-EYE-T-V01_06-Signatur-mk_me-e1643829473242.png\",\"width\":350,\"height\":148,\"caption\":\"Michael Klatte | Software, Hardware &amp; Service\"},\"image\":{\"@id\":\"https:\\\/\\\/shs-klatte.de\\\/#\\\/schema\\\/logo\\\/image\\\/\"}}]}<\/script>\n<!-- \/ Yoast SEO plugin. -->","yoast_head_json":{"title":"Michael Klatte | Software, Hardware &amp; Service - Informationen","description":"Informationen - IT-Service, Unterst\u00fctzung bei Kauf, Einrichtung PC's, Installation von Soft- und Hardware. Konzepte f\u00fcr Unternehmen und Privat","robots":{"index":"index","follow":"follow","max-snippet":"max-snippet:-1","max-image-preview":"max-image-preview:large","max-video-preview":"max-video-preview:-1"},"canonical":"https:\/\/shs-klatte.de\/?page_id=43","og_locale":"de_DE","og_type":"article","og_title":"Michael Klatte | Software, Hardware &amp; Service - Informationen","og_description":"Informationen - IT-Service, Unterst\u00fctzung bei Kauf, Einrichtung PC's, Installation von Soft- und Hardware. Konzepte f\u00fcr Unternehmen und Privat","og_url":"https:\/\/shs-klatte.de\/?page_id=43","og_site_name":"Michael Klatte | Software, Hardware &amp; Service","article_modified_time":"2022-10-18T09:37:08+00:00","twitter_card":"summary_large_image","twitter_misc":{"Gesch\u00e4tzte Lesezeit":"1\u00a0Minute"},"schema":{"@context":"https:\/\/schema.org","@graph":[{"@type":"WebPage","@id":"https:\/\/shs-klatte.de\/?page_id=43","url":"https:\/\/shs-klatte.de\/?page_id=43","name":"Michael Klatte | Software, Hardware &amp; Service - Informationen","isPartOf":{"@id":"https:\/\/shs-klatte.de\/#website"},"datePublished":"2022-02-02T18:57:39+00:00","dateModified":"2022-10-18T09:37:08+00:00","description":"Informationen - IT-Service, Unterst\u00fctzung bei Kauf, Einrichtung PC's, Installation von Soft- und Hardware. Konzepte f\u00fcr Unternehmen und Privat","breadcrumb":{"@id":"https:\/\/shs-klatte.de\/?page_id=43#breadcrumb"},"inLanguage":"de","potentialAction":[{"@type":"ReadAction","target":["https:\/\/shs-klatte.de\/?page_id=43"]}]},{"@type":"BreadcrumbList","@id":"https:\/\/shs-klatte.de\/?page_id=43#breadcrumb","itemListElement":[{"@type":"ListItem","position":1,"name":"Startseite","item":"https:\/\/shs-klatte.de\/"},{"@type":"ListItem","position":2,"name":"Informationen"}]},{"@type":"WebSite","@id":"https:\/\/shs-klatte.de\/#website","url":"https:\/\/shs-klatte.de\/","name":"Michael Klatte | Software, Hardware &amp; Service","description":"Computer, Software, Hardware, Installation, updates, Virenscanner, Mail, integartion von Software, Beartung in EDV und IT, Beschaffung von Software und Hardware, Neuinstallation und Reparatur von IT-Systemen,open source, IT-L\u00f6sungen f\u00fcr Firmen und Privatleute","publisher":{"@id":"https:\/\/shs-klatte.de\/#organization"},"inLanguage":"de"},{"@type":"Organization","@id":"https:\/\/shs-klatte.de\/#organization","name":"Michael Klatte | Software, Hardware &amp; Service","url":"https:\/\/shs-klatte.de\/","logo":{"@type":"ImageObject","inLanguage":"de","@id":"https:\/\/shs-klatte.de\/#\/schema\/logo\/image\/","url":"https:\/\/shs-klatte.de\/wp-content\/uploads\/2022\/02\/cropped-EYE-T-V01_06-Signatur-mk_me-e1643829473242.png","contentUrl":"https:\/\/shs-klatte.de\/wp-content\/uploads\/2022\/02\/cropped-EYE-T-V01_06-Signatur-mk_me-e1643829473242.png","width":350,"height":148,"caption":"Michael Klatte | Software, Hardware &amp; Service"},"image":{"@id":"https:\/\/shs-klatte.de\/#\/schema\/logo\/image\/"}}]}},"_links":{"self":[{"href":"https:\/\/shs-klatte.de\/index.php?rest_route=\/wp\/v2\/pages\/43","targetHints":{"allow":["GET"]}}],"collection":[{"href":"https:\/\/shs-klatte.de\/index.php?rest_route=\/wp\/v2\/pages"}],"about":[{"href":"https:\/\/shs-klatte.de\/index.php?rest_route=\/wp\/v2\/types\/page"}],"author":[{"embeddable":true,"href":"https:\/\/shs-klatte.de\/index.php?rest_route=\/wp\/v2\/users\/1"}],"replies":[{"embeddable":true,"href":"https:\/\/shs-klatte.de\/index.php?rest_route=%2Fwp%2Fv2%2Fcomments&post=43"}],"version-history":[{"count":3,"href":"https:\/\/shs-klatte.de\/index.php?rest_route=\/wp\/v2\/pages\/43\/revisions"}],"predecessor-version":[{"id":136,"href":"https:\/\/shs-klatte.de\/index.php?rest_route=\/wp\/v2\/pages\/43\/revisions\/136"}],"wp:attachment":[{"href":"https:\/\/shs-klatte.de\/index.php?rest_route=%2Fwp%2Fv2%2Fmedia&parent=43"}],"curies":[{"name":"wp","href":"https:\/\/api.w.org\/{rel}","templated":true}]}}