{"id":54,"date":"2022-02-02T20:12:26","date_gmt":"2022-02-02T20:12:26","guid":{"rendered":"https:\/\/shs-klatte.de\/?page_id=54"},"modified":"2022-03-16T00:06:59","modified_gmt":"2022-03-15T23:06:59","slug":"open-source","status":"publish","type":"page","link":"https:\/\/shs-klatte.de\/?page_id=54","title":{"rendered":"Open Source"},"content":{"rendered":"\n<h3 class=\"wp-block-heading\" id=\"gute-software-muss-nicht-immer-teuer-sein\">Gute Software muss nicht immer teuer sein<\/h3>\n\n\n\n<p id=\"open-source-und-quelloffen-nennt-man-software-deren-lizenzbestimmungen-in-bezug-auf-die-weitergabe-der-software-besagen-dass-der-quelltext-offentlich-zuganglich-ist-und-je-nach-entsprechender-lizenz-frei-kopiert-modifiziert-und-verandert-wie-unverandert-weiterverbreitet-werden-darf\"><strong>Open Source<\/strong>&nbsp;und <strong>quelloffen<\/strong> nennt man Software, deren Lizenzbestimmungen in Bezug auf die Weitergabe der Software besagen, dass der Quelltext \u00f6ffentlich zug\u00e4nglich ist und \u2013 je nach entsprechender Lizenz \u2013 frei kopiert, modifiziert und ver\u00e4ndert wie unver\u00e4ndert weiterverbreitet werden darf.<\/p>\n\n\n\n<p>Die Nutzung von Open-Source-Software ist an keine oder nur wenige Bedingungen gekn\u00fcpft. Die Software darf von einer beliebigen Anzahl Benutzern f\u00fcr einen beliebigen Zweck eingesetzt werden. Bei der Vervielf\u00e4ltigung fallen keine Lizenzkosten an. Die Lizenzbedingungen haben dennoch G\u00fcltigkeit und m\u00fcssen beachtet werden. Die weit verbreitetste unter den Opens Source-Lizenezen ist die\u00a0<a href=\"http:\/\/de.wikipedia.org\/wiki\/GNU_General_Public_License\" target=\"_blank\" rel=\"noreferrer noopener\">GNU GPL (General Public License)<\/a><strong>.<\/strong><\/p>\n\n\n\n<p>weitere Informationen:\u00a0<a href=\"http:\/\/de.wikipedia.org\/wiki\/Open_Source\" data-type=\"URL\" data-id=\"http:\/\/de.wikipedia.org\/wiki\/Open_Source\" target=\"_blank\" rel=\"noreferrer noopener\">http:\/\/de.wikipedia.org\/wiki\/Open_Source<\/a><\/p>\n\n\n\n<h4 class=\"wp-block-heading\" id=\"software-beispiele-die-unter-diese-kategorie-fallenpdfcreator-http-de-pdfforge-org-gnu-general-public-license-fairplay-license-freefilesync-http-sourceforge-net-projects-freefilesync-gnu-general-public-license-version-3-0-gplv3\">Software-Beispiele die unter diese Kategorie fallen<\/h4>\n\n\n\n<p id=\"software-beispiele-die-unter-diese-kategorie-fallenpdfcreator-http-de-pdfforge-org-gnu-general-public-license-fairplay-license-freefilesync-http-sourceforge-net-projects-freefilesync-gnu-general-public-license-version-3-0-gplv3\">pdfCreator:\u00a0<a href=\"http:\/\/de.pdfforge.org\/\" data-type=\"URL\" data-id=\"http:\/\/de.pdfforge.org\/\" target=\"_blank\" rel=\"noreferrer noopener\">http:\/\/de.pdfforge.org\/<\/a>\u00a0(GNU General Public License,\u00a0FairPlay License)<br>freefilesync:\u00a0<a href=\"http:\/\/sourceforge.net\/projects\/freefilesync\/\" data-type=\"URL\" data-id=\"http:\/\/sourceforge.net\/projects\/freefilesync\/\" target=\"_blank\" rel=\"noreferrer noopener\">http:\/\/sourceforge.net\/projects\/freefilesync\/<\/a>\u00a0(GNU General Public License version 3.0 (GPLv3))<\/p>\n","protected":false},"excerpt":{"rendered":"<p>Gute Software muss nicht immer teuer sein Open Source&nbsp;und quelloffen nennt man Software, deren Lizenzbestimmungen in Bezug auf die Weitergabe der Software besagen, dass der Quelltext \u00f6ffentlich zug\u00e4nglich ist und \u2013 je nach entsprechender Lizenz \u2013 frei kopiert, modifiziert und ver\u00e4ndert wie unver\u00e4ndert weiterverbreitet werden darf. Die Nutzung von Open-Source-Software ist an keine oder nur&hellip; <a class=\"more-link\" href=\"https:\/\/shs-klatte.de\/?page_id=54\"><span class=\"screen-reader-text\">Open Source<\/span> weiterlesen<\/a><\/p>\n","protected":false},"author":1,"featured_media":0,"parent":0,"menu_order":0,"comment_status":"closed","ping_status":"closed","template":"","meta":{"footnotes":""},"class_list":["post-54","page","type-page","status-publish","hentry","entry"],"yoast_head":"<!-- This site is optimized with the Yoast SEO plugin v27.3 - https:\/\/yoast.com\/product\/yoast-seo-wordpress\/ -->\n<title>Open Source - Michael Klatte | Software, Hardware &amp; Service<\/title>\n<meta name=\"robots\" content=\"index, follow, max-snippet:-1, max-image-preview:large, max-video-preview:-1\" \/>\n<link rel=\"canonical\" href=\"https:\/\/shs-klatte.de\/?page_id=54\" \/>\n<meta property=\"og:locale\" content=\"de_DE\" \/>\n<meta property=\"og:type\" content=\"article\" \/>\n<meta property=\"og:title\" content=\"Open Source - Michael Klatte | Software, Hardware &amp; Service\" \/>\n<meta property=\"og:description\" content=\"Gute Software muss nicht immer teuer sein Open Source&nbsp;und quelloffen nennt man Software, deren Lizenzbestimmungen in Bezug auf die Weitergabe der Software besagen, dass der Quelltext \u00f6ffentlich zug\u00e4nglich ist und \u2013 je nach entsprechender Lizenz \u2013 frei kopiert, modifiziert und ver\u00e4ndert wie unver\u00e4ndert weiterverbreitet werden darf. Die Nutzung von Open-Source-Software ist an keine oder nur&hellip; Open Source weiterlesen\" \/>\n<meta property=\"og:url\" content=\"https:\/\/shs-klatte.de\/?page_id=54\" \/>\n<meta property=\"og:site_name\" content=\"Michael Klatte | Software, Hardware &amp; Service\" \/>\n<meta property=\"article:modified_time\" content=\"2022-03-15T23:06:59+00:00\" \/>\n<meta name=\"twitter:card\" content=\"summary_large_image\" \/>\n<meta name=\"twitter:label1\" content=\"Gesch\u00e4tzte Lesezeit\" \/>\n\t<meta name=\"twitter:data1\" content=\"1\u00a0Minute\" \/>\n<script type=\"application\/ld+json\" class=\"yoast-schema-graph\">{\"@context\":\"https:\\\/\\\/schema.org\",\"@graph\":[{\"@type\":\"WebPage\",\"@id\":\"https:\\\/\\\/shs-klatte.de\\\/?page_id=54\",\"url\":\"https:\\\/\\\/shs-klatte.de\\\/?page_id=54\",\"name\":\"Open Source - Michael Klatte | Software, Hardware &amp; Service\",\"isPartOf\":{\"@id\":\"https:\\\/\\\/shs-klatte.de\\\/#website\"},\"datePublished\":\"2022-02-02T20:12:26+00:00\",\"dateModified\":\"2022-03-15T23:06:59+00:00\",\"breadcrumb\":{\"@id\":\"https:\\\/\\\/shs-klatte.de\\\/?page_id=54#breadcrumb\"},\"inLanguage\":\"de\",\"potentialAction\":[{\"@type\":\"ReadAction\",\"target\":[\"https:\\\/\\\/shs-klatte.de\\\/?page_id=54\"]}]},{\"@type\":\"BreadcrumbList\",\"@id\":\"https:\\\/\\\/shs-klatte.de\\\/?page_id=54#breadcrumb\",\"itemListElement\":[{\"@type\":\"ListItem\",\"position\":1,\"name\":\"Startseite\",\"item\":\"https:\\\/\\\/shs-klatte.de\\\/\"},{\"@type\":\"ListItem\",\"position\":2,\"name\":\"Open Source\"}]},{\"@type\":\"WebSite\",\"@id\":\"https:\\\/\\\/shs-klatte.de\\\/#website\",\"url\":\"https:\\\/\\\/shs-klatte.de\\\/\",\"name\":\"Michael Klatte | Software, Hardware &amp; Service\",\"description\":\"Computer, Software, Hardware, Installation, updates, Virenscanner, Mail, integartion von Software, Beartung in EDV und IT, Beschaffung von Software und Hardware, Neuinstallation und Reparatur von IT-Systemen,open source, IT-L\u00f6sungen f\u00fcr Firmen und Privatleute\",\"publisher\":{\"@id\":\"https:\\\/\\\/shs-klatte.de\\\/#organization\"},\"inLanguage\":\"de\"},{\"@type\":\"Organization\",\"@id\":\"https:\\\/\\\/shs-klatte.de\\\/#organization\",\"name\":\"Michael Klatte | Software, Hardware &amp; Service\",\"url\":\"https:\\\/\\\/shs-klatte.de\\\/\",\"logo\":{\"@type\":\"ImageObject\",\"inLanguage\":\"de\",\"@id\":\"https:\\\/\\\/shs-klatte.de\\\/#\\\/schema\\\/logo\\\/image\\\/\",\"url\":\"https:\\\/\\\/shs-klatte.de\\\/wp-content\\\/uploads\\\/2022\\\/02\\\/cropped-EYE-T-V01_06-Signatur-mk_me-e1643829473242.png\",\"contentUrl\":\"https:\\\/\\\/shs-klatte.de\\\/wp-content\\\/uploads\\\/2022\\\/02\\\/cropped-EYE-T-V01_06-Signatur-mk_me-e1643829473242.png\",\"width\":350,\"height\":148,\"caption\":\"Michael Klatte | Software, Hardware &amp; Service\"},\"image\":{\"@id\":\"https:\\\/\\\/shs-klatte.de\\\/#\\\/schema\\\/logo\\\/image\\\/\"}}]}<\/script>\n<!-- \/ Yoast SEO plugin. -->","yoast_head_json":{"title":"Open Source - Michael Klatte | Software, Hardware &amp; Service","robots":{"index":"index","follow":"follow","max-snippet":"max-snippet:-1","max-image-preview":"max-image-preview:large","max-video-preview":"max-video-preview:-1"},"canonical":"https:\/\/shs-klatte.de\/?page_id=54","og_locale":"de_DE","og_type":"article","og_title":"Open Source - Michael Klatte | Software, Hardware &amp; Service","og_description":"Gute Software muss nicht immer teuer sein Open Source&nbsp;und quelloffen nennt man Software, deren Lizenzbestimmungen in Bezug auf die Weitergabe der Software besagen, dass der Quelltext \u00f6ffentlich zug\u00e4nglich ist und \u2013 je nach entsprechender Lizenz \u2013 frei kopiert, modifiziert und ver\u00e4ndert wie unver\u00e4ndert weiterverbreitet werden darf. Die Nutzung von Open-Source-Software ist an keine oder nur&hellip; Open Source weiterlesen","og_url":"https:\/\/shs-klatte.de\/?page_id=54","og_site_name":"Michael Klatte | Software, Hardware &amp; Service","article_modified_time":"2022-03-15T23:06:59+00:00","twitter_card":"summary_large_image","twitter_misc":{"Gesch\u00e4tzte Lesezeit":"1\u00a0Minute"},"schema":{"@context":"https:\/\/schema.org","@graph":[{"@type":"WebPage","@id":"https:\/\/shs-klatte.de\/?page_id=54","url":"https:\/\/shs-klatte.de\/?page_id=54","name":"Open Source - Michael Klatte | Software, Hardware &amp; Service","isPartOf":{"@id":"https:\/\/shs-klatte.de\/#website"},"datePublished":"2022-02-02T20:12:26+00:00","dateModified":"2022-03-15T23:06:59+00:00","breadcrumb":{"@id":"https:\/\/shs-klatte.de\/?page_id=54#breadcrumb"},"inLanguage":"de","potentialAction":[{"@type":"ReadAction","target":["https:\/\/shs-klatte.de\/?page_id=54"]}]},{"@type":"BreadcrumbList","@id":"https:\/\/shs-klatte.de\/?page_id=54#breadcrumb","itemListElement":[{"@type":"ListItem","position":1,"name":"Startseite","item":"https:\/\/shs-klatte.de\/"},{"@type":"ListItem","position":2,"name":"Open Source"}]},{"@type":"WebSite","@id":"https:\/\/shs-klatte.de\/#website","url":"https:\/\/shs-klatte.de\/","name":"Michael Klatte | Software, Hardware &amp; Service","description":"Computer, Software, Hardware, Installation, updates, Virenscanner, Mail, integartion von Software, Beartung in EDV und IT, Beschaffung von Software und Hardware, Neuinstallation und Reparatur von IT-Systemen,open source, IT-L\u00f6sungen f\u00fcr Firmen und Privatleute","publisher":{"@id":"https:\/\/shs-klatte.de\/#organization"},"inLanguage":"de"},{"@type":"Organization","@id":"https:\/\/shs-klatte.de\/#organization","name":"Michael Klatte | Software, Hardware &amp; Service","url":"https:\/\/shs-klatte.de\/","logo":{"@type":"ImageObject","inLanguage":"de","@id":"https:\/\/shs-klatte.de\/#\/schema\/logo\/image\/","url":"https:\/\/shs-klatte.de\/wp-content\/uploads\/2022\/02\/cropped-EYE-T-V01_06-Signatur-mk_me-e1643829473242.png","contentUrl":"https:\/\/shs-klatte.de\/wp-content\/uploads\/2022\/02\/cropped-EYE-T-V01_06-Signatur-mk_me-e1643829473242.png","width":350,"height":148,"caption":"Michael Klatte | Software, Hardware &amp; Service"},"image":{"@id":"https:\/\/shs-klatte.de\/#\/schema\/logo\/image\/"}}]}},"_links":{"self":[{"href":"https:\/\/shs-klatte.de\/index.php?rest_route=\/wp\/v2\/pages\/54","targetHints":{"allow":["GET"]}}],"collection":[{"href":"https:\/\/shs-klatte.de\/index.php?rest_route=\/wp\/v2\/pages"}],"about":[{"href":"https:\/\/shs-klatte.de\/index.php?rest_route=\/wp\/v2\/types\/page"}],"author":[{"embeddable":true,"href":"https:\/\/shs-klatte.de\/index.php?rest_route=\/wp\/v2\/users\/1"}],"replies":[{"embeddable":true,"href":"https:\/\/shs-klatte.de\/index.php?rest_route=%2Fwp%2Fv2%2Fcomments&post=54"}],"version-history":[{"count":3,"href":"https:\/\/shs-klatte.de\/index.php?rest_route=\/wp\/v2\/pages\/54\/revisions"}],"predecessor-version":[{"id":185,"href":"https:\/\/shs-klatte.de\/index.php?rest_route=\/wp\/v2\/pages\/54\/revisions\/185"}],"wp:attachment":[{"href":"https:\/\/shs-klatte.de\/index.php?rest_route=%2Fwp%2Fv2%2Fmedia&parent=54"}],"curies":[{"name":"wp","href":"https:\/\/api.w.org\/{rel}","templated":true}]}}