{"id":58,"date":"2022-02-02T20:16:12","date_gmt":"2022-02-02T20:16:12","guid":{"rendered":"https:\/\/shs-klatte.de\/?page_id=58"},"modified":"2022-10-08T22:33:57","modified_gmt":"2022-10-08T20:33:57","slug":"wlan-wireless-network-area","status":"publish","type":"page","link":"https:\/\/shs-klatte.de\/?page_id=58","title":{"rendered":"WLAN &#8211; Wireless Network Area"},"content":{"rendered":"\n<h3 class=\"wp-block-heading\" id=\"ssid-vergeben\">SSID vergeben<\/h3>\n\n\n\n<p>Die SSID eines WLANs ist der eindeutige Name des WLAN-Netzwerks. Nur Netzwerkkomponenten mit derselben SSID k\u00f6nnen miteinander kommunizieren. Allerdings kann die verwendete SSID von Dritten durch einfaches Mith\u00f6ren des Verbindungsaufbaus herausgefunden werden. Die SSID sollte, wie das Administratorpasswort des Routers auch, in jedem Fall ge\u00e4ndert werden. Dabei sollte kein R\u00fcckschluss auf Ihren Namen, Adresse oder Ihre Wohnungsnummer m\u00f6glich sein. Zus\u00e4tzlich sollte der SSID-Broadcast der verwendeten Accesspoints deaktiviert werden, dies bedeutet, dass die SSID nicht mehr allen Ger\u00e4ten einfach bekannt gegeben wird, vielmehr die zu verbindenden Ger\u00e4te diesen Namen erst mal wissen m\u00fcssen.<\/p>\n\n\n\n<h3 class=\"wp-block-heading\" id=\"sinnvolle-passworter-verwenden\">Sinnvolle Passw\u00f6rter verwenden<\/h3>\n\n\n\n<p>Statt Standard-Passw\u00f6rtern f\u00fcr den Accesspoints sollten komplexe Passw\u00f6rter verwendet werden. Diese Vergabe der Kennw\u00f6rter sollte zudem nur drahtgebunden und nicht \u00fcber das Funknetzwerk erfolgen. Sie sollten sich am besten alphanumerische Kennw\u00f6rter \u00fcberlegen, die Sie logisch zusammenf\u00fcgen k\u00f6nnen. Einfaches Beipiel: Die Die Telefonnummer des Enkels und die Stra\u00dfe und Hausnummer der Oma o.\u00e4.<\/p>\n\n\n\n<h3 class=\"wp-block-heading\" id=\"mac-address-filterung-aktivieren\">MAC-Address-Filterung aktivieren<\/h3>\n\n\n\n<p>Jeder Netzwerkkarte ist eine eindeutige Nummer (MAC-Adresse) zugeordnet. Diese kann zu einer verbesserten Absicherung des Zugriffs auf Ihren Accesspoint herangezogen werden. Der Accesspoint l\u00e4sst dann nur Verbindungen zu den im Router hinterlegten Netzwerkkarten zu. Diese Absicherung alleine reicht aber nicht aus, sie dient nur zur Erg\u00e4nzung der Verschl\u00fcsselung eines WLANs.<\/p>\n\n\n\n<h3 class=\"wp-block-heading\" id=\"verschlusselung-verwenden-wep-wpa-wpa2-wpa3\">Verschl\u00fcsselung verwenden (WEP \/ WPA \/ WPA2 \/ WPA3)<\/h3>\n\n\n\n<p>Durch die Verschl\u00fcsselung der WLAN-Verbindung soll der Zugriff auf die Daten im Netzwerk durch unbefugte verhindert werden. Allerdings gelten die WEP-verschl\u00fcsselten Netzwerke heute als unsicher. Die <a href=\"http:\/\/de.wikipedia.org\/wiki\/WEP\" target=\"_blank\" rel=\"noreferrer noopener\">WEP-Verschl\u00fcsselung<\/a> kann durch verschiedene Techniken ausgehebelt werden. Viele Router bieten heute bereits <a href=\"https:\/\/de.wikipedia.org\/wiki\/Wi-Fi_Protected_Access\">WPA-<\/a> \/ <a href=\"http:\/\/de.wikipedia.org\/wiki\/WPA2\">WPA2-Versc<\/a><a href=\"http:\/\/de.wikipedia.org\/wiki\/WPA2\" target=\"_blank\" rel=\"noreferrer noopener\">hl\u00fcsselungen<\/a> bzw. <a data-type=\"URL\" data-id=\"https:\/\/de.wikipedia.org\/wiki\/WPA3\" href=\"https:\/\/de.wikipedia.org\/wiki\/WPA3\" target=\"_blank\" rel=\"noreferrer noopener\">WPA3-Ver<\/a><a data-type=\"URL\" data-id=\"https:\/\/de.wikipedia.org\/wiki\/WPA3\" href=\"https:\/\/de.wikipedia.org\/wiki\/WPA3\">schl\u00fcsselungen<\/a>,  die der WEP-Verschl\u00fcsselung unbedingt vorzuziehen sind. Ein WLAN-Netzwerk unverschl\u00fcsselt zu lassen, steht aber au\u00dfer Frage!<\/p>\n\n\n\n<h3 class=\"wp-block-heading\" id=\"firmware-aktuell-halten\">Firmware aktuell halten<\/h3>\n\n\n\n<p>Um bekannte Sicherheitsl\u00fccken des Routers zu schlie\u00dfen, sollten immer die aktuellen Firmware-Versionen verwendet werden. Dies gilt gleicherma\u00dfen f\u00fcr die Firmware der Accesspoints wie der verwendeten Netzwerkkarten. Die Router bieten meist einen integrierten Versionscheck bzw. sogar ein automatisches Update an.<\/p>\n","protected":false},"excerpt":{"rendered":"<p>SSID vergeben Die SSID eines WLANs ist der eindeutige Name des WLAN-Netzwerks. Nur Netzwerkkomponenten mit derselben SSID k\u00f6nnen miteinander kommunizieren. Allerdings kann die verwendete SSID von Dritten durch einfaches Mith\u00f6ren des Verbindungsaufbaus herausgefunden werden. Die SSID sollte, wie das Administratorpasswort des Routers auch, in jedem Fall ge\u00e4ndert werden. Dabei sollte kein R\u00fcckschluss auf Ihren Namen,&hellip; <a class=\"more-link\" href=\"https:\/\/shs-klatte.de\/?page_id=58\"><span class=\"screen-reader-text\">WLAN &#8211; Wireless Network Area<\/span> weiterlesen<\/a><\/p>\n","protected":false},"author":1,"featured_media":0,"parent":0,"menu_order":0,"comment_status":"closed","ping_status":"closed","template":"","meta":{"footnotes":""},"class_list":["post-58","page","type-page","status-publish","hentry","entry"],"yoast_head":"<!-- This site is optimized with the Yoast SEO plugin v27.3 - https:\/\/yoast.com\/product\/yoast-seo-wordpress\/ -->\n<title>WLAN - Wireless Network Area - Michael Klatte | Software, Hardware &amp; Service<\/title>\n<meta name=\"robots\" content=\"index, follow, max-snippet:-1, max-image-preview:large, max-video-preview:-1\" \/>\n<link rel=\"canonical\" href=\"https:\/\/shs-klatte.de\/?page_id=58\" \/>\n<meta property=\"og:locale\" content=\"de_DE\" \/>\n<meta property=\"og:type\" content=\"article\" \/>\n<meta property=\"og:title\" content=\"WLAN - Wireless Network Area - Michael Klatte | Software, Hardware &amp; Service\" \/>\n<meta property=\"og:description\" content=\"SSID vergeben Die SSID eines WLANs ist der eindeutige Name des WLAN-Netzwerks. Nur Netzwerkkomponenten mit derselben SSID k\u00f6nnen miteinander kommunizieren. Allerdings kann die verwendete SSID von Dritten durch einfaches Mith\u00f6ren des Verbindungsaufbaus herausgefunden werden. Die SSID sollte, wie das Administratorpasswort des Routers auch, in jedem Fall ge\u00e4ndert werden. Dabei sollte kein R\u00fcckschluss auf Ihren Namen,&hellip; WLAN &#8211; Wireless Network Area weiterlesen\" \/>\n<meta property=\"og:url\" content=\"https:\/\/shs-klatte.de\/?page_id=58\" \/>\n<meta property=\"og:site_name\" content=\"Michael Klatte | Software, Hardware &amp; Service\" \/>\n<meta property=\"article:modified_time\" content=\"2022-10-08T20:33:57+00:00\" \/>\n<meta name=\"twitter:card\" content=\"summary_large_image\" \/>\n<meta name=\"twitter:label1\" content=\"Gesch\u00e4tzte Lesezeit\" \/>\n\t<meta name=\"twitter:data1\" content=\"2\u00a0Minuten\" \/>\n<script type=\"application\/ld+json\" class=\"yoast-schema-graph\">{\"@context\":\"https:\\\/\\\/schema.org\",\"@graph\":[{\"@type\":\"WebPage\",\"@id\":\"https:\\\/\\\/shs-klatte.de\\\/?page_id=58\",\"url\":\"https:\\\/\\\/shs-klatte.de\\\/?page_id=58\",\"name\":\"WLAN - Wireless Network Area - Michael Klatte | Software, Hardware &amp; Service\",\"isPartOf\":{\"@id\":\"https:\\\/\\\/shs-klatte.de\\\/#website\"},\"datePublished\":\"2022-02-02T20:16:12+00:00\",\"dateModified\":\"2022-10-08T20:33:57+00:00\",\"breadcrumb\":{\"@id\":\"https:\\\/\\\/shs-klatte.de\\\/?page_id=58#breadcrumb\"},\"inLanguage\":\"de\",\"potentialAction\":[{\"@type\":\"ReadAction\",\"target\":[\"https:\\\/\\\/shs-klatte.de\\\/?page_id=58\"]}]},{\"@type\":\"BreadcrumbList\",\"@id\":\"https:\\\/\\\/shs-klatte.de\\\/?page_id=58#breadcrumb\",\"itemListElement\":[{\"@type\":\"ListItem\",\"position\":1,\"name\":\"Startseite\",\"item\":\"https:\\\/\\\/shs-klatte.de\\\/\"},{\"@type\":\"ListItem\",\"position\":2,\"name\":\"WLAN &#8211; Wireless Network Area\"}]},{\"@type\":\"WebSite\",\"@id\":\"https:\\\/\\\/shs-klatte.de\\\/#website\",\"url\":\"https:\\\/\\\/shs-klatte.de\\\/\",\"name\":\"Michael Klatte | Software, Hardware &amp; Service\",\"description\":\"Computer, Software, Hardware, Installation, updates, Virenscanner, Mail, integartion von Software, Beartung in EDV und IT, Beschaffung von Software und Hardware, Neuinstallation und Reparatur von IT-Systemen,open source, IT-L\u00f6sungen f\u00fcr Firmen und Privatleute\",\"publisher\":{\"@id\":\"https:\\\/\\\/shs-klatte.de\\\/#organization\"},\"inLanguage\":\"de\"},{\"@type\":\"Organization\",\"@id\":\"https:\\\/\\\/shs-klatte.de\\\/#organization\",\"name\":\"Michael Klatte | Software, Hardware &amp; Service\",\"url\":\"https:\\\/\\\/shs-klatte.de\\\/\",\"logo\":{\"@type\":\"ImageObject\",\"inLanguage\":\"de\",\"@id\":\"https:\\\/\\\/shs-klatte.de\\\/#\\\/schema\\\/logo\\\/image\\\/\",\"url\":\"https:\\\/\\\/shs-klatte.de\\\/wp-content\\\/uploads\\\/2022\\\/02\\\/cropped-EYE-T-V01_06-Signatur-mk_me-e1643829473242.png\",\"contentUrl\":\"https:\\\/\\\/shs-klatte.de\\\/wp-content\\\/uploads\\\/2022\\\/02\\\/cropped-EYE-T-V01_06-Signatur-mk_me-e1643829473242.png\",\"width\":350,\"height\":148,\"caption\":\"Michael Klatte | Software, Hardware &amp; Service\"},\"image\":{\"@id\":\"https:\\\/\\\/shs-klatte.de\\\/#\\\/schema\\\/logo\\\/image\\\/\"}}]}<\/script>\n<!-- \/ Yoast SEO plugin. -->","yoast_head_json":{"title":"WLAN - Wireless Network Area - Michael Klatte | Software, Hardware &amp; Service","robots":{"index":"index","follow":"follow","max-snippet":"max-snippet:-1","max-image-preview":"max-image-preview:large","max-video-preview":"max-video-preview:-1"},"canonical":"https:\/\/shs-klatte.de\/?page_id=58","og_locale":"de_DE","og_type":"article","og_title":"WLAN - Wireless Network Area - Michael Klatte | Software, Hardware &amp; Service","og_description":"SSID vergeben Die SSID eines WLANs ist der eindeutige Name des WLAN-Netzwerks. Nur Netzwerkkomponenten mit derselben SSID k\u00f6nnen miteinander kommunizieren. Allerdings kann die verwendete SSID von Dritten durch einfaches Mith\u00f6ren des Verbindungsaufbaus herausgefunden werden. Die SSID sollte, wie das Administratorpasswort des Routers auch, in jedem Fall ge\u00e4ndert werden. Dabei sollte kein R\u00fcckschluss auf Ihren Namen,&hellip; WLAN &#8211; Wireless Network Area weiterlesen","og_url":"https:\/\/shs-klatte.de\/?page_id=58","og_site_name":"Michael Klatte | Software, Hardware &amp; Service","article_modified_time":"2022-10-08T20:33:57+00:00","twitter_card":"summary_large_image","twitter_misc":{"Gesch\u00e4tzte Lesezeit":"2\u00a0Minuten"},"schema":{"@context":"https:\/\/schema.org","@graph":[{"@type":"WebPage","@id":"https:\/\/shs-klatte.de\/?page_id=58","url":"https:\/\/shs-klatte.de\/?page_id=58","name":"WLAN - Wireless Network Area - Michael Klatte | Software, Hardware &amp; Service","isPartOf":{"@id":"https:\/\/shs-klatte.de\/#website"},"datePublished":"2022-02-02T20:16:12+00:00","dateModified":"2022-10-08T20:33:57+00:00","breadcrumb":{"@id":"https:\/\/shs-klatte.de\/?page_id=58#breadcrumb"},"inLanguage":"de","potentialAction":[{"@type":"ReadAction","target":["https:\/\/shs-klatte.de\/?page_id=58"]}]},{"@type":"BreadcrumbList","@id":"https:\/\/shs-klatte.de\/?page_id=58#breadcrumb","itemListElement":[{"@type":"ListItem","position":1,"name":"Startseite","item":"https:\/\/shs-klatte.de\/"},{"@type":"ListItem","position":2,"name":"WLAN &#8211; Wireless Network Area"}]},{"@type":"WebSite","@id":"https:\/\/shs-klatte.de\/#website","url":"https:\/\/shs-klatte.de\/","name":"Michael Klatte | Software, Hardware &amp; Service","description":"Computer, Software, Hardware, Installation, updates, Virenscanner, Mail, integartion von Software, Beartung in EDV und IT, Beschaffung von Software und Hardware, Neuinstallation und Reparatur von IT-Systemen,open source, IT-L\u00f6sungen f\u00fcr Firmen und Privatleute","publisher":{"@id":"https:\/\/shs-klatte.de\/#organization"},"inLanguage":"de"},{"@type":"Organization","@id":"https:\/\/shs-klatte.de\/#organization","name":"Michael Klatte | Software, Hardware &amp; Service","url":"https:\/\/shs-klatte.de\/","logo":{"@type":"ImageObject","inLanguage":"de","@id":"https:\/\/shs-klatte.de\/#\/schema\/logo\/image\/","url":"https:\/\/shs-klatte.de\/wp-content\/uploads\/2022\/02\/cropped-EYE-T-V01_06-Signatur-mk_me-e1643829473242.png","contentUrl":"https:\/\/shs-klatte.de\/wp-content\/uploads\/2022\/02\/cropped-EYE-T-V01_06-Signatur-mk_me-e1643829473242.png","width":350,"height":148,"caption":"Michael Klatte | Software, Hardware &amp; Service"},"image":{"@id":"https:\/\/shs-klatte.de\/#\/schema\/logo\/image\/"}}]}},"_links":{"self":[{"href":"https:\/\/shs-klatte.de\/index.php?rest_route=\/wp\/v2\/pages\/58","targetHints":{"allow":["GET"]}}],"collection":[{"href":"https:\/\/shs-klatte.de\/index.php?rest_route=\/wp\/v2\/pages"}],"about":[{"href":"https:\/\/shs-klatte.de\/index.php?rest_route=\/wp\/v2\/types\/page"}],"author":[{"embeddable":true,"href":"https:\/\/shs-klatte.de\/index.php?rest_route=\/wp\/v2\/users\/1"}],"replies":[{"embeddable":true,"href":"https:\/\/shs-klatte.de\/index.php?rest_route=%2Fwp%2Fv2%2Fcomments&post=58"}],"version-history":[{"count":4,"href":"https:\/\/shs-klatte.de\/index.php?rest_route=\/wp\/v2\/pages\/58\/revisions"}],"predecessor-version":[{"id":253,"href":"https:\/\/shs-klatte.de\/index.php?rest_route=\/wp\/v2\/pages\/58\/revisions\/253"}],"wp:attachment":[{"href":"https:\/\/shs-klatte.de\/index.php?rest_route=%2Fwp%2Fv2%2Fmedia&parent=58"}],"curies":[{"name":"wp","href":"https:\/\/api.w.org\/{rel}","templated":true}]}}